{"id":97,"date":"2024-02-07T13:07:28","date_gmt":"2024-02-07T21:07:28","guid":{"rendered":"https:\/\/mspplus.wpenginepowered.com\/historias-de-beneficiarios\/"},"modified":"2024-04-23T13:35:48","modified_gmt":"2024-04-23T20:35:48","slug":"historias-de-beneficiarios","status":"publish","type":"page","link":"https:\/\/msp-plus.pointblue.org\/es\/historias-de-beneficiarios\/","title":{"rendered":"Historias de beneficiarios"},"content":{"rendered":"\t\t<div data-elementor-type=\"wp-page\" data-elementor-id=\"97\" class=\"elementor elementor-97 elementor-11\" data-elementor-post-type=\"page\">\n\t\t\t\t<div class=\"elementor-element elementor-element-c6d6358 e-con-full e-flex e-con e-parent\" data-id=\"c6d6358\" data-element_type=\"container\" data-e-type=\"container\" data-settings=\"{&quot;background_background&quot;:&quot;classic&quot;}\">\n\t\t<div class=\"elementor-element elementor-element-9540286 e-flex e-con-boxed e-con e-child\" data-id=\"9540286\" data-element_type=\"container\" data-e-type=\"container\">\n\t\t\t\t\t<div class=\"e-con-inner\">\n\t\t<div class=\"elementor-element elementor-element-f9fef81 e-con-full e-flex e-con e-child\" data-id=\"f9fef81\" data-element_type=\"container\" data-e-type=\"container\" data-settings=\"{&quot;background_background&quot;:&quot;classic&quot;}\">\n\t\t\t\t<\/div>\n\t\t<div class=\"elementor-element elementor-element-85121b1 e-con-full e-flex e-con e-child\" data-id=\"85121b1\" data-element_type=\"container\" data-e-type=\"container\" data-settings=\"{&quot;background_background&quot;:&quot;classic&quot;}\">\n\t\t\t\t<div class=\"elementor-element elementor-element-f515f5a elementor-widget elementor-widget-heading\" data-id=\"f515f5a\" data-element_type=\"widget\" data-e-type=\"widget\" data-widget_type=\"heading.default\">\n\t\t\t\t<div class=\"elementor-widget-container\">\n\t\t\t\t\t<h1 class=\"elementor-heading-title elementor-size-default\">HISTORIAS DE BENEFICIARIOS<\/h1>\t\t\t\t<\/div>\n\t\t\t\t<\/div>\n\t\t\t\t<\/div>\n\t\t<div class=\"elementor-element elementor-element-3cd1fc4 e-con-full e-flex e-con e-child\" data-id=\"3cd1fc4\" data-element_type=\"container\" data-e-type=\"container\">\n\t\t\t\t<\/div>\n\t\t\t\t\t<\/div>\n\t\t\t\t<\/div>\n\t\t\t\t<\/div>\n\t\t<div class=\"elementor-element elementor-element-81d1f18 e-flex e-con-boxed e-con e-parent\" data-id=\"81d1f18\" data-element_type=\"container\" data-e-type=\"container\">\n\t\t\t\t\t<div class=\"e-con-inner\">\n\t\t\t\t<div class=\"elementor-element elementor-element-8356c5c elementor-grid-2 pp-equal-height-yes pp-post-filters-align-center elementor-grid-tablet-2 elementor-grid-mobile-1 pp-post-content-align-left elementor-widget elementor-widget-pp-posts\" data-id=\"8356c5c\" data-element_type=\"widget\" data-e-type=\"widget\" data-widget_type=\"pp-posts.creative\">\n\t\t\t\t<div class=\"elementor-widget-container\">\n\t\t\t\t\t\t\t<div class=\"pp-post-filters-container\">\n\t\t\t\t\t\t<div class=\"pp-post-filters-wrap pp-post-filters-dropdown-no\">\n\t\t\t\t<ul class=\"pp-post-filters \">\n\t\t\t\t\t\t\t\t\t\t\t<li class=\"pp-post-filter pp-filter-current\" data-filter=\"*\" data-taxonomy=\"\">Todos<\/li>\n\t\t\t\t\t\t\t\t\t\t\t\t\t\t\t\t\t\t\t\t\t\t\t\t\t\t\t\t\t\t<li class=\"pp-post-filter \" data-filter=\".chile-es\" data-taxonomy=\".category\">Chile<\/li>\n\t\t\t\t\t\t\t\t\t\t\t\t\t\t\t\t\t\t\t\t\t\t\t\t\t\t<li class=\"pp-post-filter \" data-filter=\".colombia-2-es\" data-taxonomy=\".category\">Colombia<\/li>\n\t\t\t\t\t\t\t\t\t\t\t\t\t\t\t\t\t\t\t\t\t\t\t\t\t\t<li class=\"pp-post-filter \" data-filter=\".ecuador\" data-taxonomy=\".category\">Ecuador<\/li>\n\t\t\t\t\t\t\t\t\t\t\t\t\t\t\t\t\t\t\t\t\t\t\t\t\t\t<li class=\"pp-post-filter \" data-filter=\".el-salvador-es\" data-taxonomy=\".category\">El Salvador<\/li>\n\t\t\t\t\t\t\t\t\t\t\t\t\t\t\t\t\t\t\t\t\t\t\t\t\t\t<li class=\"pp-post-filter \" data-filter=\".guatemala-es\" data-taxonomy=\".category\">Guatemala<\/li>\n\t\t\t\t\t\t\t\t\t\t\t\t\t\t\t\t\t\t\t\t\t\t\t\t\t\t<li class=\"pp-post-filter \" data-filter=\".mexico-es\" data-taxonomy=\".category\">M\u00e9xico<\/li>\n\t\t\t\t\t\t\t\t\t\t\t\t\t\t\t\t\t\t\t\t\t\t\t\t\t\t<li class=\"pp-post-filter \" data-filter=\".nicaragua-es\" data-taxonomy=\".category\">Nicaragua<\/li>\n\t\t\t\t\t\t\t\t\t\t\t<\/ul>\n\n\t\t\t\t\t\t\t<\/div>\n\t\t\t\t\t\t\t\t<\/div>\n\t\t\t\t<div class=\"pp-posts-container\">\n\t\t\t\n\t\t\t\t\t\t\t\t\t\t\n\t\t\t<div class=\"pp-posts pp-posts-skin-creative elementor-grid pp-posts-grid\" data-query-type=\"custom\" data-layout=\"grid\" data-page=\"97\" data-skin=\"creative\">\n\t\t\t\t\t\t\t\t\t\t\t<div class=\"pp-post-wrap pp-grid-item-wrap elementor-grid-item post-632 post type-post status-publish format-standard has-post-thumbnail hentry category-guatemala-es tag-camaroneras tag-communication-es tag-comunicacion tag-entrenamiento tag-guatemala-es tag-shrimp-farms-es tag-training-es\">\n\t\t\t\t\t\t<div class=\"pp-post pp-grid-item\">\n\t\t\t\t\t\t<div class=\"pp-post-thumbnail\">\n\t\t\t<a class=\"pp-post-thumbnail-wrap\" href=\"https:\/\/msp-plus.pointblue.org\/es\/2del-conocimiento-a-la-accion-acelerando-la-conservacion-de-las-aves-playeras-en-la-industria-camaronera-de-guatemala\/\" title=\"Del conocimiento a la acci\u00f3n: Acelerando la conservaci\u00f3n de las aves playeras en la industria camaronera de Guatemala.\">\n\t\t\t\t<img fetchpriority=\"high\" decoding=\"async\" width=\"800\" height=\"600\" src=\"https:\/\/msp-plus.pointblue.org\/wp-content\/uploads\/1_Defensores.png\" class=\"attachment-large size-large wp-image-588\" alt=\"Trabajador de una camaronera realizando un muestreo. Foto cortes\u00eda de Fundaci\u00f3n Defensores de la Naturaleza\" srcset=\"https:\/\/msp-plus.pointblue.org\/wp-content\/uploads\/1_Defensores.png 800w, https:\/\/msp-plus.pointblue.org\/wp-content\/uploads\/1_Defensores-300x225.png 300w, https:\/\/msp-plus.pointblue.org\/wp-content\/uploads\/1_Defensores-768x576.png 768w\" sizes=\"(max-width: 800px) 100vw, 800px\" \/>\t\t\t<\/a>\n\t\t<\/div>\n\t\t\n\t\t\t\t<div class=\"pp-post-content-wrap\">\n\t\t\t\t\t<div class=\"pp-post-content\">\n\t\t\t\t\t\t\t\t\t\t\t\t<h2 class=\"pp-post-title\">\n\t\t\t\t<a href=\"https:\/\/msp-plus.pointblue.org\/es\/2del-conocimiento-a-la-accion-acelerando-la-conservacion-de-las-aves-playeras-en-la-industria-camaronera-de-guatemala\/\">Del conocimiento a la acci\u00f3n: Acelerando la conservaci\u00f3n de las aves playeras en la industria camaronera de Guatemala.<\/a>\t\t\t<\/h2>\n\t\t\t\t\t\t\t\t\t<div class=\"pp-post-meta\">\n\t\t\t\t\t\t\t<\/div>\n\t\t\t\t\t\t\t\t<\/div>\n\t\t\t\t\t\t\t\t<a class=\"pp-posts-button elementor-button elementor-size-md\" href=\"https:\/\/msp-plus.pointblue.org\/es\/2del-conocimiento-a-la-accion-acelerando-la-conservacion-de-las-aves-playeras-en-la-industria-camaronera-de-guatemala\/\" title=\"Del conocimiento a la acci\u00f3n: Acelerando la conservaci\u00f3n de las aves playeras en la industria camaronera de Guatemala.\" aria-label=\"Read more about Del conocimiento a la acci\u00f3n: Acelerando la conservaci\u00f3n de las aves playeras en la industria camaronera de Guatemala.\">\n\t\t\t\t<span class=\"elementor-button-content-wrapper\">\n\t\t\t\t\t\t\t\t\t\t\t<span class=\"pp-button-text\">\n\t\t\t\t\t\t\tSeguir leyendo\t\t\t\t\t\t<\/span>\n\t\t\t\t\t\t\t\t<span class=\"pp-button-icon elementor-button-icon\">\n\t\t\t\t\t\t\t<\/span>\n\t\t\t\t\t\t\t<\/span>\n\t\t\t<\/a>\n\t\t\n\t\t\t\t\t\t\t\t\t<\/div>\n\t\t\t<\/div>\n\t\t\t\t\t<\/div>\n\t\t\t\t<div class=\"pp-post-wrap pp-grid-item-wrap elementor-grid-item post-615 post type-post status-publish format-standard has-post-thumbnail hentry category-mexico-es tag-2024-2025 tag-bahia-de-kino tag-communication-es tag-comunicacion tag-kino-bay tag-mexico-es\">\n\t\t\t\t\t\t<div class=\"pp-post pp-grid-item\">\n\t\t\t\t\t\t<div class=\"pp-post-thumbnail\">\n\t\t\t<a class=\"pp-post-thumbnail-wrap\" href=\"https:\/\/msp-plus.pointblue.org\/es\/voz-comunitaria-comunicaion-en-accion-mexico\/\" title=\"Un modelo de conservaci\u00f3n con voz propia: comunicaci\u00f3n comunitaria en acci\u00f3n\">\n\t\t\t\t<img decoding=\"async\" width=\"800\" height=\"600\" src=\"https:\/\/msp-plus.pointblue.org\/wp-content\/uploads\/1_Prescott.png\" class=\"attachment-large size-large wp-image-578\" alt=\"M\u00f3nica Esquer, miembro de Grupo Tortuguero de Bah\u00eda de Kino y l\u00edder comunitario participando en la grabaci\u00f3n de v\u00eddeos que formar\u00e1n parte de la informaci\u00f3n para el sendero interpretativo en Laguna La Cruz. Foto cortes\u00eda de Ariana Plennes, Centro Bah\u00eda de Kino.\" srcset=\"https:\/\/msp-plus.pointblue.org\/wp-content\/uploads\/1_Prescott.png 800w, https:\/\/msp-plus.pointblue.org\/wp-content\/uploads\/1_Prescott-300x225.png 300w, https:\/\/msp-plus.pointblue.org\/wp-content\/uploads\/1_Prescott-768x576.png 768w\" sizes=\"(max-width: 800px) 100vw, 800px\" \/>\t\t\t<\/a>\n\t\t<\/div>\n\t\t\n\t\t\t\t<div class=\"pp-post-content-wrap\">\n\t\t\t\t\t<div class=\"pp-post-content\">\n\t\t\t\t\t\t\t\t\t\t\t\t<h2 class=\"pp-post-title\">\n\t\t\t\t<a href=\"https:\/\/msp-plus.pointblue.org\/es\/voz-comunitaria-comunicaion-en-accion-mexico\/\">Un modelo de conservaci\u00f3n con voz propia: comunicaci\u00f3n comunitaria en acci\u00f3n<\/a>\t\t\t<\/h2>\n\t\t\t\t\t\t\t\t\t<div class=\"pp-post-meta\">\n\t\t\t\t\t\t\t<\/div>\n\t\t\t\t\t\t\t\t<\/div>\n\t\t\t\t\t\t\t\t<a class=\"pp-posts-button elementor-button elementor-size-md\" href=\"https:\/\/msp-plus.pointblue.org\/es\/voz-comunitaria-comunicaion-en-accion-mexico\/\" title=\"Un modelo de conservaci\u00f3n con voz propia: comunicaci\u00f3n comunitaria en acci\u00f3n\" aria-label=\"Read more about Un modelo de conservaci\u00f3n con voz propia: comunicaci\u00f3n comunitaria en acci\u00f3n\">\n\t\t\t\t<span class=\"elementor-button-content-wrapper\">\n\t\t\t\t\t\t\t\t\t\t\t<span class=\"pp-button-text\">\n\t\t\t\t\t\t\tSeguir leyendo\t\t\t\t\t\t<\/span>\n\t\t\t\t\t\t\t\t<span class=\"pp-button-icon elementor-button-icon\">\n\t\t\t\t\t\t\t<\/span>\n\t\t\t\t\t\t\t<\/span>\n\t\t\t<\/a>\n\t\t\n\t\t\t\t\t\t\t\t\t<\/div>\n\t\t\t<\/div>\n\t\t\t\t\t<\/div>\n\t\t\t\t<div class=\"pp-post-wrap pp-grid-item-wrap elementor-grid-item post-594 post type-post status-publish format-standard has-post-thumbnail hentry category-guatemala-es tag-communication-es tag-comunicacion tag-conservacion tag-conservation-es tag-entrenamiento tag-guatemala-es tag-jovenes tag-nertwork-es tag-trabajo-en-red tag-training-es tag-young-es\">\n\t\t\t\t\t\t<div class=\"pp-post pp-grid-item\">\n\t\t\t\t\t\t<div class=\"pp-post-thumbnail\">\n\t\t\t<a class=\"pp-post-thumbnail-wrap\" href=\"https:\/\/msp-plus.pointblue.org\/es\/red-jovenes-conservacion-avesplayeras-guatemala\/\" title=\"J\u00f3venes por la conservaci\u00f3n: una red que protege las aves playeras y sus h\u00e1bitats en la costa del Pac\u00edfico de Guatemala\">\n\t\t\t\t<img decoding=\"async\" width=\"800\" height=\"600\" src=\"https:\/\/msp-plus.pointblue.org\/wp-content\/uploads\/WCS_Guatemala1-2.png\" class=\"attachment-large size-large wp-image-627\" alt=\"\" srcset=\"https:\/\/msp-plus.pointblue.org\/wp-content\/uploads\/WCS_Guatemala1-2.png 800w, https:\/\/msp-plus.pointblue.org\/wp-content\/uploads\/WCS_Guatemala1-2-300x225.png 300w, https:\/\/msp-plus.pointblue.org\/wp-content\/uploads\/WCS_Guatemala1-2-768x576.png 768w\" sizes=\"(max-width: 800px) 100vw, 800px\" \/>\t\t\t<\/a>\n\t\t<\/div>\n\t\t\n\t\t\t\t<div class=\"pp-post-content-wrap\">\n\t\t\t\t\t<div class=\"pp-post-content\">\n\t\t\t\t\t\t\t\t\t\t\t\t<h2 class=\"pp-post-title\">\n\t\t\t\t<a href=\"https:\/\/msp-plus.pointblue.org\/es\/red-jovenes-conservacion-avesplayeras-guatemala\/\">J\u00f3venes por la conservaci\u00f3n: una red que protege las aves playeras y sus h\u00e1bitats en la costa del Pac\u00edfico de Guatemala<\/a>\t\t\t<\/h2>\n\t\t\t\t\t\t\t\t\t<div class=\"pp-post-meta\">\n\t\t\t\t\t\t\t<\/div>\n\t\t\t\t\t\t\t\t<\/div>\n\t\t\t\t\t\t\t\t<a class=\"pp-posts-button elementor-button elementor-size-md\" href=\"https:\/\/msp-plus.pointblue.org\/es\/red-jovenes-conservacion-avesplayeras-guatemala\/\" title=\"J\u00f3venes por la conservaci\u00f3n: una red que protege las aves playeras y sus h\u00e1bitats en la costa del Pac\u00edfico de Guatemala\" aria-label=\"Read more about J\u00f3venes por la conservaci\u00f3n: una red que protege las aves playeras y sus h\u00e1bitats en la costa del Pac\u00edfico de Guatemala\">\n\t\t\t\t<span class=\"elementor-button-content-wrapper\">\n\t\t\t\t\t\t\t\t\t\t\t<span class=\"pp-button-text\">\n\t\t\t\t\t\t\tSeguir leyendo\t\t\t\t\t\t<\/span>\n\t\t\t\t\t\t\t\t<span class=\"pp-button-icon elementor-button-icon\">\n\t\t\t\t\t\t\t<\/span>\n\t\t\t\t\t\t\t<\/span>\n\t\t\t<\/a>\n\t\t\n\t\t\t\t\t\t\t\t\t<\/div>\n\t\t\t<\/div>\n\t\t\t\t\t<\/div>\n\t\t\t\t<div class=\"pp-post-wrap pp-grid-item-wrap elementor-grid-item post-562 post type-post status-publish format-standard has-post-thumbnail hentry category-colombia-2-es tag-awarness-es tag-colombia-es tag-communication-es tag-comunicacion tag-concienciacion tag-golfo-de-tribuga tag-gulf-of-tribuga-es tag-responsible-tourism-es tag-turismo-responsable\">\n\t\t\t\t\t\t<div class=\"pp-post pp-grid-item\">\n\t\t\t\t\t\t<div class=\"pp-post-thumbnail\">\n\t\t\t<a class=\"pp-post-thumbnail-wrap\" href=\"https:\/\/msp-plus.pointblue.org\/es\/esfuerzo-comunitario-turismo-responsable-colombia\/\" title=\"Protegiendo a las aves playeras del golfo de Tribug\u00e1: un esfuerzo comunitario por la conservaci\u00f3n y el turismo responsable\">\n\t\t\t\t<img loading=\"lazy\" decoding=\"async\" width=\"800\" height=\"600\" src=\"https:\/\/msp-plus.pointblue.org\/wp-content\/uploads\/1_WCS_Col.png\" class=\"attachment-large size-large wp-image-517\" alt=\"\" srcset=\"https:\/\/msp-plus.pointblue.org\/wp-content\/uploads\/1_WCS_Col.png 800w, https:\/\/msp-plus.pointblue.org\/wp-content\/uploads\/1_WCS_Col-300x225.png 300w, https:\/\/msp-plus.pointblue.org\/wp-content\/uploads\/1_WCS_Col-768x576.png 768w\" sizes=\"(max-width: 800px) 100vw, 800px\" \/>\t\t\t<\/a>\n\t\t<\/div>\n\t\t\n\t\t\t\t<div class=\"pp-post-content-wrap\">\n\t\t\t\t\t<div class=\"pp-post-content\">\n\t\t\t\t\t\t\t\t\t\t\t\t<h2 class=\"pp-post-title\">\n\t\t\t\t<a href=\"https:\/\/msp-plus.pointblue.org\/es\/esfuerzo-comunitario-turismo-responsable-colombia\/\">Protegiendo a las aves playeras del golfo de Tribug\u00e1: un esfuerzo comunitario por la conservaci\u00f3n y el turismo responsable<\/a>\t\t\t<\/h2>\n\t\t\t\t\t\t\t\t\t<div class=\"pp-post-meta\">\n\t\t\t\t\t\t\t<\/div>\n\t\t\t\t\t\t\t\t<\/div>\n\t\t\t\t\t\t\t\t<a class=\"pp-posts-button elementor-button elementor-size-md\" href=\"https:\/\/msp-plus.pointblue.org\/es\/esfuerzo-comunitario-turismo-responsable-colombia\/\" title=\"Protegiendo a las aves playeras del golfo de Tribug\u00e1: un esfuerzo comunitario por la conservaci\u00f3n y el turismo responsable\" aria-label=\"Read more about Protegiendo a las aves playeras del golfo de Tribug\u00e1: un esfuerzo comunitario por la conservaci\u00f3n y el turismo responsable\">\n\t\t\t\t<span class=\"elementor-button-content-wrapper\">\n\t\t\t\t\t\t\t\t\t\t\t<span class=\"pp-button-text\">\n\t\t\t\t\t\t\tSeguir leyendo\t\t\t\t\t\t<\/span>\n\t\t\t\t\t\t\t\t<span class=\"pp-button-icon elementor-button-icon\">\n\t\t\t\t\t\t\t<\/span>\n\t\t\t\t\t\t\t<\/span>\n\t\t\t<\/a>\n\t\t\n\t\t\t\t\t\t\t\t\t<\/div>\n\t\t\t<\/div>\n\t\t\t\t\t<\/div>\n\t\t\t\t\t\t\t\t\t<\/div>\n\t\t\t<div class=\"pp-screen-only elementor-screen-only\" aria-live=\"polite\" id=\"pp-post-carousel-status\">Showing Slide 1 of 5<\/div>\n\t\t\t\n\t\t\t\n\t\t\t\n\t\t\t\t\t\t\t\t\t\t\t\t<\/div>\n\n\t\t\n\t\t\t\t\t\t<\/div>\n\t\t\t\t<\/div>\n\t\t\t\t\t<\/div>\n\t\t\t\t<\/div>\n\t\t\t\t<\/div>\n\t\t","protected":false},"excerpt":{"rendered":"<p>HISTORIAS DE BENEFICIARIOS Todos Chile El Salvador Guatemala Mexico Local Community Action in Gulf of California, M\u00e9xico Seguir leyendo Improving Data to Action in Chile Seguir leyendo Salt Ponds &#038; Shorebirds in Guatemala Seguir leyendo Citizen Action in El Salvador Seguir leyendo<\/p>\n","protected":false},"author":3,"featured_media":0,"parent":0,"menu_order":0,"comment_status":"closed","ping_status":"closed","template":"","meta":{"_monsterinsights_skip_tracking":false,"_monsterinsights_sitenote_active":false,"_monsterinsights_sitenote_note":"","_monsterinsights_sitenote_category":0,"footnotes":""},"class_list":["post-97","page","type-page","status-publish","hentry"],"yoast_head":"<!-- This site is optimized with the Yoast SEO plugin v27.6 - https:\/\/yoast.com\/product\/yoast-seo-wordpress\/ -->\n<title>Historias de beneficiarios - MSP PLUS<\/title>\n<meta name=\"description\" content=\"Lea acerca de los proyectos de gesti\u00f3n de la conservaci\u00f3n de las aves playeras de los beneficiarios en Am\u00e9rica Latina y c\u00f3mo la MSP+ ayud\u00f3 a los esfuerzos locales.\" \/>\n<meta name=\"robots\" content=\"index, follow, max-snippet:-1, max-image-preview:large, max-video-preview:-1\" \/>\n<link rel=\"canonical\" href=\"https:\/\/msp-plus.pointblue.org\/es\/historias-de-beneficiarios\/\" \/>\n<meta property=\"og:locale\" content=\"es_ES\" \/>\n<meta property=\"og:type\" content=\"article\" \/>\n<meta property=\"og:title\" content=\"Historias de beneficiarios - MSP PLUS\" \/>\n<meta property=\"og:description\" content=\"Lea acerca de los proyectos de gesti\u00f3n de la conservaci\u00f3n de las aves playeras de los beneficiarios en Am\u00e9rica Latina y c\u00f3mo la MSP+ ayud\u00f3 a los esfuerzos locales.\" \/>\n<meta property=\"og:url\" content=\"https:\/\/msp-plus.pointblue.org\/es\/historias-de-beneficiarios\/\" \/>\n<meta property=\"og:site_name\" content=\"MSP PLUS\" \/>\n<meta property=\"article:modified_time\" content=\"2024-04-23T20:35:48+00:00\" \/>\n<meta property=\"og:image\" content=\"https:\/\/msp-plus.pointblue.org\/wp-content\/uploads\/community-action-mexico.jpg\" \/>\n<meta name=\"twitter:card\" content=\"summary_large_image\" \/>\n<script type=\"application\/ld+json\" class=\"yoast-schema-graph\">{\"@context\":\"https:\\\/\\\/schema.org\",\"@graph\":[{\"@type\":\"WebPage\",\"@id\":\"https:\\\/\\\/msp-plus.pointblue.org\\\/es\\\/historias-de-beneficiarios\\\/\",\"url\":\"https:\\\/\\\/msp-plus.pointblue.org\\\/es\\\/historias-de-beneficiarios\\\/\",\"name\":\"Historias de beneficiarios - MSP PLUS\",\"isPartOf\":{\"@id\":\"https:\\\/\\\/msp-plus.pointblue.org\\\/es\\\/#website\"},\"primaryImageOfPage\":{\"@id\":\"https:\\\/\\\/msp-plus.pointblue.org\\\/es\\\/historias-de-beneficiarios\\\/#primaryimage\"},\"image\":{\"@id\":\"https:\\\/\\\/msp-plus.pointblue.org\\\/es\\\/historias-de-beneficiarios\\\/#primaryimage\"},\"thumbnailUrl\":\"https:\\\/\\\/msp-plus.pointblue.org\\\/wp-content\\\/uploads\\\/community-action-mexico.jpg\",\"datePublished\":\"2024-02-07T21:07:28+00:00\",\"dateModified\":\"2024-04-23T20:35:48+00:00\",\"description\":\"Lea acerca de los proyectos de gesti\u00f3n de la conservaci\u00f3n de las aves playeras de los beneficiarios en Am\u00e9rica Latina y c\u00f3mo la MSP+ ayud\u00f3 a los esfuerzos locales.\",\"breadcrumb\":{\"@id\":\"https:\\\/\\\/msp-plus.pointblue.org\\\/es\\\/historias-de-beneficiarios\\\/#breadcrumb\"},\"inLanguage\":\"es\",\"potentialAction\":[{\"@type\":\"ReadAction\",\"target\":[\"https:\\\/\\\/msp-plus.pointblue.org\\\/es\\\/historias-de-beneficiarios\\\/\"]}]},{\"@type\":\"ImageObject\",\"inLanguage\":\"es\",\"@id\":\"https:\\\/\\\/msp-plus.pointblue.org\\\/es\\\/historias-de-beneficiarios\\\/#primaryimage\",\"url\":\"https:\\\/\\\/msp-plus.pointblue.org\\\/wp-content\\\/uploads\\\/community-action-mexico.jpg\",\"contentUrl\":\"https:\\\/\\\/msp-plus.pointblue.org\\\/wp-content\\\/uploads\\\/community-action-mexico.jpg\"},{\"@type\":\"BreadcrumbList\",\"@id\":\"https:\\\/\\\/msp-plus.pointblue.org\\\/es\\\/historias-de-beneficiarios\\\/#breadcrumb\",\"itemListElement\":[{\"@type\":\"ListItem\",\"position\":1,\"name\":\"Home\",\"item\":\"https:\\\/\\\/msp-plus.pointblue.org\\\/es\\\/\"},{\"@type\":\"ListItem\",\"position\":2,\"name\":\"Historias de beneficiarios\"}]},{\"@type\":\"WebSite\",\"@id\":\"https:\\\/\\\/msp-plus.pointblue.org\\\/es\\\/#website\",\"url\":\"https:\\\/\\\/msp-plus.pointblue.org\\\/es\\\/\",\"name\":\"MSP PLUS\",\"description\":\"Migratory Shorebird Project Plus\",\"publisher\":{\"@id\":\"https:\\\/\\\/msp-plus.pointblue.org\\\/es\\\/#organization\"},\"potentialAction\":[{\"@type\":\"SearchAction\",\"target\":{\"@type\":\"EntryPoint\",\"urlTemplate\":\"https:\\\/\\\/msp-plus.pointblue.org\\\/es\\\/?s={search_term_string}\"},\"query-input\":{\"@type\":\"PropertyValueSpecification\",\"valueRequired\":true,\"valueName\":\"search_term_string\"}}],\"inLanguage\":\"es\"},{\"@type\":\"Organization\",\"@id\":\"https:\\\/\\\/msp-plus.pointblue.org\\\/es\\\/#organization\",\"name\":\"MSP PLUS\",\"url\":\"https:\\\/\\\/msp-plus.pointblue.org\\\/es\\\/\",\"logo\":{\"@type\":\"ImageObject\",\"inLanguage\":\"es\",\"@id\":\"https:\\\/\\\/msp-plus.pointblue.org\\\/es\\\/#\\\/schema\\\/logo\\\/image\\\/\",\"url\":\"https:\\\/\\\/msp-plus.pointblue.org\\\/wp-content\\\/uploads\\\/mspfinal-logo.png\",\"contentUrl\":\"https:\\\/\\\/msp-plus.pointblue.org\\\/wp-content\\\/uploads\\\/mspfinal-logo.png\",\"width\":300,\"height\":90,\"caption\":\"MSP PLUS\"},\"image\":{\"@id\":\"https:\\\/\\\/msp-plus.pointblue.org\\\/es\\\/#\\\/schema\\\/logo\\\/image\\\/\"}}]}<\/script>\n<!-- \/ Yoast SEO plugin. -->","yoast_head_json":{"title":"Historias de beneficiarios - MSP PLUS","description":"Lea acerca de los proyectos de gesti\u00f3n de la conservaci\u00f3n de las aves playeras de los beneficiarios en Am\u00e9rica Latina y c\u00f3mo la MSP+ ayud\u00f3 a los esfuerzos locales.","robots":{"index":"index","follow":"follow","max-snippet":"max-snippet:-1","max-image-preview":"max-image-preview:large","max-video-preview":"max-video-preview:-1"},"canonical":"https:\/\/msp-plus.pointblue.org\/es\/historias-de-beneficiarios\/","og_locale":"es_ES","og_type":"article","og_title":"Historias de beneficiarios - MSP PLUS","og_description":"Lea acerca de los proyectos de gesti\u00f3n de la conservaci\u00f3n de las aves playeras de los beneficiarios en Am\u00e9rica Latina y c\u00f3mo la MSP+ ayud\u00f3 a los esfuerzos locales.","og_url":"https:\/\/msp-plus.pointblue.org\/es\/historias-de-beneficiarios\/","og_site_name":"MSP PLUS","article_modified_time":"2024-04-23T20:35:48+00:00","og_image":[{"url":"https:\/\/msp-plus.pointblue.org\/wp-content\/uploads\/community-action-mexico.jpg","type":"","width":"","height":""}],"twitter_card":"summary_large_image","schema":{"@context":"https:\/\/schema.org","@graph":[{"@type":"WebPage","@id":"https:\/\/msp-plus.pointblue.org\/es\/historias-de-beneficiarios\/","url":"https:\/\/msp-plus.pointblue.org\/es\/historias-de-beneficiarios\/","name":"Historias de beneficiarios - MSP PLUS","isPartOf":{"@id":"https:\/\/msp-plus.pointblue.org\/es\/#website"},"primaryImageOfPage":{"@id":"https:\/\/msp-plus.pointblue.org\/es\/historias-de-beneficiarios\/#primaryimage"},"image":{"@id":"https:\/\/msp-plus.pointblue.org\/es\/historias-de-beneficiarios\/#primaryimage"},"thumbnailUrl":"https:\/\/msp-plus.pointblue.org\/wp-content\/uploads\/community-action-mexico.jpg","datePublished":"2024-02-07T21:07:28+00:00","dateModified":"2024-04-23T20:35:48+00:00","description":"Lea acerca de los proyectos de gesti\u00f3n de la conservaci\u00f3n de las aves playeras de los beneficiarios en Am\u00e9rica Latina y c\u00f3mo la MSP+ ayud\u00f3 a los esfuerzos locales.","breadcrumb":{"@id":"https:\/\/msp-plus.pointblue.org\/es\/historias-de-beneficiarios\/#breadcrumb"},"inLanguage":"es","potentialAction":[{"@type":"ReadAction","target":["https:\/\/msp-plus.pointblue.org\/es\/historias-de-beneficiarios\/"]}]},{"@type":"ImageObject","inLanguage":"es","@id":"https:\/\/msp-plus.pointblue.org\/es\/historias-de-beneficiarios\/#primaryimage","url":"https:\/\/msp-plus.pointblue.org\/wp-content\/uploads\/community-action-mexico.jpg","contentUrl":"https:\/\/msp-plus.pointblue.org\/wp-content\/uploads\/community-action-mexico.jpg"},{"@type":"BreadcrumbList","@id":"https:\/\/msp-plus.pointblue.org\/es\/historias-de-beneficiarios\/#breadcrumb","itemListElement":[{"@type":"ListItem","position":1,"name":"Home","item":"https:\/\/msp-plus.pointblue.org\/es\/"},{"@type":"ListItem","position":2,"name":"Historias de beneficiarios"}]},{"@type":"WebSite","@id":"https:\/\/msp-plus.pointblue.org\/es\/#website","url":"https:\/\/msp-plus.pointblue.org\/es\/","name":"MSP PLUS","description":"Migratory Shorebird Project Plus","publisher":{"@id":"https:\/\/msp-plus.pointblue.org\/es\/#organization"},"potentialAction":[{"@type":"SearchAction","target":{"@type":"EntryPoint","urlTemplate":"https:\/\/msp-plus.pointblue.org\/es\/?s={search_term_string}"},"query-input":{"@type":"PropertyValueSpecification","valueRequired":true,"valueName":"search_term_string"}}],"inLanguage":"es"},{"@type":"Organization","@id":"https:\/\/msp-plus.pointblue.org\/es\/#organization","name":"MSP PLUS","url":"https:\/\/msp-plus.pointblue.org\/es\/","logo":{"@type":"ImageObject","inLanguage":"es","@id":"https:\/\/msp-plus.pointblue.org\/es\/#\/schema\/logo\/image\/","url":"https:\/\/msp-plus.pointblue.org\/wp-content\/uploads\/mspfinal-logo.png","contentUrl":"https:\/\/msp-plus.pointblue.org\/wp-content\/uploads\/mspfinal-logo.png","width":300,"height":90,"caption":"MSP PLUS"},"image":{"@id":"https:\/\/msp-plus.pointblue.org\/es\/#\/schema\/logo\/image\/"}}]}},"_links":{"self":[{"href":"https:\/\/msp-plus.pointblue.org\/es\/wp-json\/wp\/v2\/pages\/97","targetHints":{"allow":["GET"]}}],"collection":[{"href":"https:\/\/msp-plus.pointblue.org\/es\/wp-json\/wp\/v2\/pages"}],"about":[{"href":"https:\/\/msp-plus.pointblue.org\/es\/wp-json\/wp\/v2\/types\/page"}],"author":[{"embeddable":true,"href":"https:\/\/msp-plus.pointblue.org\/es\/wp-json\/wp\/v2\/users\/3"}],"replies":[{"embeddable":true,"href":"https:\/\/msp-plus.pointblue.org\/es\/wp-json\/wp\/v2\/comments?post=97"}],"version-history":[{"count":0,"href":"https:\/\/msp-plus.pointblue.org\/es\/wp-json\/wp\/v2\/pages\/97\/revisions"}],"wp:attachment":[{"href":"https:\/\/msp-plus.pointblue.org\/es\/wp-json\/wp\/v2\/media?parent=97"}],"curies":[{"name":"wp","href":"https:\/\/api.w.org\/{rel}","templated":true}]}}